{"id":31,"date":"2021-01-14T00:01:56","date_gmt":"2021-01-13T23:01:56","guid":{"rendered":"http:\/\/nowa.marcinolszewski.pl\/?page_id=31"},"modified":"2021-01-20T22:34:46","modified_gmt":"2021-01-20T21:34:46","slug":"strona-glowna","status":"publish","type":"page","link":"https:\/\/marcinolszewski.pl\/","title":{"rendered":"Strona g\u0142\u00f3wna"},"content":{"rendered":"\n<div class=\"wp-block-columns is-layout-flex wp-container-core-columns-is-layout-1 wp-block-columns-is-layout-flex\">\n<div class=\"wp-block-column is-layout-flow wp-block-column-is-layout-flow\" style=\"flex-basis:33.33%\">\n<p> <\/p>\n\n\n\n<div class=\"wp-block-image is-style-rounded\"><figure class=\"aligncenter size-large\"><img loading=\"lazy\" decoding=\"async\" width=\"571\" height=\"571\" src=\"http:\/\/nowa.marcinolszewski.pl\/wp-content\/uploads\/2021\/01\/118226526_10217251955317143_4693610635211948902_n.jpg\" alt=\"\" class=\"wp-image-32\" srcset=\"https:\/\/marcinolszewski.pl\/wp-content\/uploads\/2021\/01\/118226526_10217251955317143_4693610635211948902_n.jpg 571w, https:\/\/marcinolszewski.pl\/wp-content\/uploads\/2021\/01\/118226526_10217251955317143_4693610635211948902_n-300x300.jpg 300w, https:\/\/marcinolszewski.pl\/wp-content\/uploads\/2021\/01\/118226526_10217251955317143_4693610635211948902_n-150x150.jpg 150w\" sizes=\"(max-width: 571px) 100vw, 571px\" \/><\/figure><\/div>\n<\/div>\n\n\n\n<div class=\"wp-block-column is-layout-flow wp-block-column-is-layout-flow\" style=\"flex-basis:66.66%\">\n<p>Nazywam si\u0119 Marcin  Olszewski <br>Witam serdecznie na mojej stronie internetowej. Zapraszam do zapoznania si\u0119 z moimi pasjami w sferze prywatnej (poezja, muzyka, fotografia, kulinaria, genealogia), jak i zawodowej (zarz\u0105dzanie nieruchomo\u015bciami). Mam nadziej\u0119, i\u017c odwiedziny mojej strony sprawi\u0105 wam wielk\u0105 przyjemno\u015b\u0107. Serdecznie pozdrawiam.<\/p>\n<\/div>\n<\/div>\n\n\n\n<div class=\"wp-block-columns is-layout-flex wp-container-core-columns-is-layout-2 wp-block-columns-is-layout-flex\">\n<div class=\"wp-block-column is-layout-flow wp-block-column-is-layout-flow\">\n<p class=\"has-text-align-center\" style=\"font-size:12px\"><strong>KUCHNIA<\/strong><\/p>\n\n\n\n<div class=\"wp-block-image fotostart\"><figure class=\"aligncenter size-large is-resized\"><img loading=\"lazy\" decoding=\"async\" src=\"http:\/\/nowa.marcinolszewski.pl\/wp-content\/uploads\/2021\/01\/kitchen-scenery-1329741-639x426-1.jpg\" alt=\"\" class=\"wp-image-132\" width=\"320\" height=\"213\" srcset=\"https:\/\/marcinolszewski.pl\/wp-content\/uploads\/2021\/01\/kitchen-scenery-1329741-639x426-1.jpg 639w, https:\/\/marcinolszewski.pl\/wp-content\/uploads\/2021\/01\/kitchen-scenery-1329741-639x426-1-300x200.jpg 300w\" sizes=\"(max-width: 320px) 100vw, 320px\" \/><figcaption><strong>OSTATNIE WPISY<\/strong><\/figcaption><\/figure><\/div>\n\n\n<ul class=\"wp-block-latest-posts__list alignleft is-style-twentytwentyone-latest-posts-dividers wp-block-latest-posts\"><li><a class=\"wp-block-latest-posts__post-title\" href=\"https:\/\/marcinolszewski.pl\/index.php\/2026\/03\/15\/crevettes-a-la-provencale-krewetki-po-prowansalsku\/\">Crevettes \u00e0 la Proven\u00e7ale &#8211; krewetki po prowansalsku<\/a><\/li>\n<li><a class=\"wp-block-latest-posts__post-title\" href=\"https:\/\/marcinolszewski.pl\/index.php\/2026\/03\/08\/omelette-au-fromage-starozytny-rzym-francja-i-krolowa-marysienka\/\">Omelette au fromage &#8211; Staro\u017cytny Rzym, Francja i Kr\u00f3lowa Marysie\u0144ka<\/a><\/li>\n<li><a class=\"wp-block-latest-posts__post-title\" href=\"https:\/\/marcinolszewski.pl\/index.php\/2026\/02\/28\/jjimdak-kurczak-po-koreansku-w-jednym-garnku\/\">Jjimdak &#8211; kurczak po korea\u0144sku w jednym garnku<\/a><\/li>\n<li><a class=\"wp-block-latest-posts__post-title\" href=\"https:\/\/marcinolszewski.pl\/index.php\/2026\/02\/21\/tori-no-karaage-metoda-na-smazonego-kurczaka\/\">Tori no Karaage &#8211; metoda na sma\u017conego kurczaka<\/a><\/li>\n<li><a class=\"wp-block-latest-posts__post-title\" href=\"https:\/\/marcinolszewski.pl\/index.php\/2026\/02\/07\/chow-mein-podroze-chinskiego-makaronu\/\">Chow mein &#8211; podr\u00f3\u017ce chi\u0144skiego makaronu<\/a><\/li>\n<\/ul><\/div>\n\n\n\n<div class=\"wp-block-column is-layout-flow wp-block-column-is-layout-flow\">\n<p class=\"has-text-align-center\" style=\"font-size:12px\"><strong>NIERUCHOMO\u015aCI<\/strong><\/p>\n\n\n\n<div class=\"wp-block-image fotostart\"><figure class=\"aligncenter size-large is-resized\"><img loading=\"lazy\" decoding=\"async\" src=\"http:\/\/nowa.marcinolszewski.pl\/wp-content\/uploads\/2021\/01\/toront-skyscrapers-1221873-639x411-1.jpg\" alt=\"\" class=\"wp-image-133\" width=\"320\" height=\"213\"\/><figcaption><strong>OSTATNIE WPISY<\/strong><\/figcaption><\/figure><\/div>\n\n\n<ul class=\"wp-block-latest-posts__list alignleft is-style-twentytwentyone-latest-posts-dividers wp-block-latest-posts\"><li><a class=\"wp-block-latest-posts__post-title\" href=\"https:\/\/marcinolszewski.pl\/index.php\/2016\/11\/11\/urzad-a-nieruchomosc-wspolnoty-mieszkaniowej-teoria-i-praktyka-czesc-1-pozwolenie-konserwatora-zabytkow\/\">Urz\u0105d a nieruchomo\u015b\u0107 Wsp\u00f3lnoty Mieszkaniowej. Teoria i praktyka. Cz\u0119\u015b\u0107 1. Pozwolenie konserwatora zabytk\u00f3w.<\/a><\/li>\n<li><a class=\"wp-block-latest-posts__post-title\" href=\"https:\/\/marcinolszewski.pl\/index.php\/2016\/11\/11\/dachy-instalacje-klatka-schodowa-swiadomosc-remontow-we-wspolnocie-mieszkaniowej\/\">Dachy, instalacje, klatka schodowa? \u015awiadomo\u015b\u0107 remont\u00f3w we Wsp\u00f3lnocie Mieszkaniowej.<\/a><\/li>\n<li><a class=\"wp-block-latest-posts__post-title\" href=\"https:\/\/marcinolszewski.pl\/index.php\/2016\/09\/24\/komin-jaki-jest-kazdy-widzi-przeglady-realizacja-zalecen\/\">Komin jaki jest ka\u017cdy widzi. Przegl\u0105dy, realizacja zalece\u0144.<\/a><\/li>\n<li><a class=\"wp-block-latest-posts__post-title\" href=\"https:\/\/marcinolszewski.pl\/index.php\/2016\/09\/09\/zajecie-cudzej-nieruchomosci-dla-potrzeb-remontu\/\">Zaj\u0119cie cudzej nieruchomo\u015bci dla potrzeb remontu<\/a><\/li>\n<li><a class=\"wp-block-latest-posts__post-title\" href=\"https:\/\/marcinolszewski.pl\/index.php\/2016\/08\/18\/perturbacje-w-pionie-miedzy-czescia-wspolna-a-wlasnoscia-prywatna\/\">Perturbacje w pionie. Mi\u0119dzy cz\u0119\u015bci\u0105 wsp\u00f3ln\u0105 a w\u0142asno\u015bci\u0105 prywatn\u0105.<\/a><\/li>\n<\/ul><\/div>\n<\/div>\n\n\n\n<div class=\"wp-block-columns is-layout-flex wp-container-core-columns-is-layout-3 wp-block-columns-is-layout-flex\">\n<div class=\"wp-block-column is-layout-flow wp-block-column-is-layout-flow\">\n<p class=\"has-text-align-center\" style=\"font-size:12px\"><strong>SZTUKA<\/strong><\/p>\n\n\n\n<div class=\"wp-block-image fotostart\"><figure class=\"aligncenter size-large is-resized\"><img loading=\"lazy\" decoding=\"async\" src=\"http:\/\/nowa.marcinolszewski.pl\/wp-content\/uploads\/2021\/01\/to-get-what-i-want-1520038-639x423-1.jpg\" alt=\"\" class=\"wp-image-131\" width=\"320\" height=\"213\" srcset=\"https:\/\/marcinolszewski.pl\/wp-content\/uploads\/2021\/01\/to-get-what-i-want-1520038-639x423-1.jpg 639w, https:\/\/marcinolszewski.pl\/wp-content\/uploads\/2021\/01\/to-get-what-i-want-1520038-639x423-1-300x199.jpg 300w\" sizes=\"(max-width: 320px) 100vw, 320px\" \/><figcaption><strong>OSTATNIE WPISY<\/strong><\/figcaption><\/figure><\/div>\n\n\n<ul class=\"wp-block-latest-posts__list alignleft is-style-twentytwentyone-latest-posts-dividers wp-block-latest-posts\"><li><a class=\"wp-block-latest-posts__post-title\" href=\"https:\/\/marcinolszewski.pl\/index.php\/2025\/10\/25\/odwrocony-czas\/\">Odwr\u00f3cony czas<\/a><\/li>\n<li><a class=\"wp-block-latest-posts__post-title\" href=\"https:\/\/marcinolszewski.pl\/index.php\/2025\/10\/25\/dwie-plaszczyzny\/\">Dwie p\u0142aszczyzny<\/a><\/li>\n<li><a class=\"wp-block-latest-posts__post-title\" href=\"https:\/\/marcinolszewski.pl\/index.php\/2025\/10\/25\/sprawy-po-smierci\/\">Sprawy po \u015bmierci<\/a><\/li>\n<li><a class=\"wp-block-latest-posts__post-title\" href=\"https:\/\/marcinolszewski.pl\/index.php\/2025\/10\/25\/rodzina-3\/\">Rodzina<\/a><\/li>\n<li><a class=\"wp-block-latest-posts__post-title\" href=\"https:\/\/marcinolszewski.pl\/index.php\/2025\/10\/25\/aktorka-i-budynki\/\">Aktorka i budynki<\/a><\/li>\n<\/ul><\/div>\n\n\n\n<div class=\"wp-block-column is-layout-flow wp-block-column-is-layout-flow\">\n<p class=\"has-text-align-center\" style=\"font-size:12px\"><strong>GENEALOGIA<\/strong><\/p>\n\n\n\n<div class=\"wp-block-image fotostart\"><figure class=\"aligncenter size-large is-resized\"><img loading=\"lazy\" decoding=\"async\" src=\"http:\/\/nowa.marcinolszewski.pl\/wp-content\/uploads\/2021\/01\/roots-1459688-640x480-3.jpg\" alt=\"\" class=\"wp-image-1338\" width=\"320\" height=\"213\" srcset=\"https:\/\/marcinolszewski.pl\/wp-content\/uploads\/2021\/01\/roots-1459688-640x480-3.jpg 320w, https:\/\/marcinolszewski.pl\/wp-content\/uploads\/2021\/01\/roots-1459688-640x480-3-300x200.jpg 300w\" sizes=\"(max-width: 320px) 100vw, 320px\" \/><figcaption><strong>OSTATNIE WPISY<\/strong><\/figcaption><\/figure><\/div>\n\n\n<ul class=\"wp-block-latest-posts__list alignleft is-style-twentytwentyone-latest-posts-dividers wp-block-latest-posts\"><li><a class=\"wp-block-latest-posts__post-title\" href=\"https:\/\/marcinolszewski.pl\/index.php\/2022\/11\/06\/dlaczego-rycerze-kosciesze-nie-zabili-biskupa-magnusa-podczas-mszy-w-1143-roku-rodzinna-historia-z-duchownym-ktory-nie-istnial\/\">Dlaczego rycerze Ko\u015bciesze nie zabili biskupa Magnusa podczas mszy w 1143 roku? Rodzinna historia z duchownym kt\u00f3ry nie istnia\u0142.<\/a><\/li>\n<li><a class=\"wp-block-latest-posts__post-title\" href=\"https:\/\/marcinolszewski.pl\/index.php\/2022\/10\/16\/sladami-przodkow-powstania-i-poczatkow-olszewa-przyborowa-w-gminie-rutki-kossaki-1437-1470\/\">\u015aladami przodk\u00f3w, powstania i pocz\u0105tk\u00f3w Olszewa-Przyborowa w gminie Rutki-Kossaki (1437-1470)<\/a><\/li>\n<li><a class=\"wp-block-latest-posts__post-title\" href=\"https:\/\/marcinolszewski.pl\/index.php\/2022\/10\/09\/wszyscy-olszewscy-to-jedna-rodzina-na-przykladzie-gniazda-olszewo-przyborowo-procesu-powstawania-nazwiska-olszewski\/\">Wszyscy Olszewscy to jedna rodzina(?) na przyk\u0142adzie gniazda Olszewo &#8211; Przyborowo, procesu powstawania nazwiska Olszewski (XV \u2013 XVI wiek)<\/a><\/li>\n<li><a class=\"wp-block-latest-posts__post-title\" href=\"https:\/\/marcinolszewski.pl\/index.php\/2021\/01\/17\/wacek\/\">Wacek<\/a><\/li>\n<li><a class=\"wp-block-latest-posts__post-title\" href=\"https:\/\/marcinolszewski.pl\/index.php\/2021\/01\/17\/zobaczyc-i-umrzec\/\">Zobaczy\u0107 i umrze\u0107<\/a><\/li>\n<\/ul><\/div>\n<\/div>\n\n\n\n<h2 class=\"wp-block-heading\">Najnowsze tre\u015bci<\/h2>\n\n\n<ul class=\"wp-block-latest-posts__list is-style-twentytwentyone-latest-posts-dividers wp-block-latest-posts\"><li><a class=\"wp-block-latest-posts__post-title\" href=\"https:\/\/marcinolszewski.pl\/index.php\/2026\/03\/15\/crevettes-a-la-provencale-krewetki-po-prowansalsku\/\">Crevettes \u00e0 la Proven\u00e7ale &#8211; krewetki po prowansalsku<\/a><div class=\"wp-block-latest-posts__post-excerpt\">Po omlecie po francusku, w dalszym ci\u0105gu &#8230; Francja \ud83d\ude42 &hellip; <a href=\"https:\/\/marcinolszewski.pl\/index.php\/2026\/03\/15\/crevettes-a-la-provencale-krewetki-po-prowansalsku\/\" class=\"more-link\">Czytaj dalej <span class=\"screen-reader-text\">Crevettes \u00e0 la Proven\u00e7ale &#8211; krewetki po prowansalsku<\/span><\/a><\/div><\/li>\n<li><a class=\"wp-block-latest-posts__post-title\" href=\"https:\/\/marcinolszewski.pl\/index.php\/2026\/03\/08\/omelette-au-fromage-starozytny-rzym-francja-i-krolowa-marysienka\/\">Omelette au fromage &#8211; Staro\u017cytny Rzym, Francja i Kr\u00f3lowa Marysie\u0144ka<\/a><div class=\"wp-block-latest-posts__post-excerpt\">W dniu dzisiejszym klasyka kuchni francuskiej, znana r\u00f3wnie\u017c w kuchni &hellip; <a href=\"https:\/\/marcinolszewski.pl\/index.php\/2026\/03\/08\/omelette-au-fromage-starozytny-rzym-francja-i-krolowa-marysienka\/\" class=\"more-link\">Czytaj dalej <span class=\"screen-reader-text\">Omelette au fromage &#8211; Staro\u017cytny Rzym, Francja i Kr\u00f3lowa Marysie\u0144ka<\/span><\/a><\/div><\/li>\n<li><a class=\"wp-block-latest-posts__post-title\" href=\"https:\/\/marcinolszewski.pl\/index.php\/2026\/02\/28\/jjimdak-kurczak-po-koreansku-w-jednym-garnku\/\">Jjimdak &#8211; kurczak po korea\u0144sku w jednym garnku<\/a><div class=\"wp-block-latest-posts__post-excerpt\">Kontynuacja podr\u00f3\u017cy po Azji. W dniu dzisiejszym bardzo proste i &hellip; <a href=\"https:\/\/marcinolszewski.pl\/index.php\/2026\/02\/28\/jjimdak-kurczak-po-koreansku-w-jednym-garnku\/\" class=\"more-link\">Czytaj dalej <span class=\"screen-reader-text\">Jjimdak &#8211; kurczak po korea\u0144sku w jednym garnku<\/span><\/a><\/div><\/li>\n<li><a class=\"wp-block-latest-posts__post-title\" href=\"https:\/\/marcinolszewski.pl\/index.php\/2026\/02\/21\/tori-no-karaage-metoda-na-smazonego-kurczaka\/\">Tori no Karaage &#8211; metoda na sma\u017conego kurczaka<\/a><div class=\"wp-block-latest-posts__post-excerpt\">Wci\u0105\u017c jeszcze przez chwil\u0119 w przygodzie z kuchni\u0105 Azji. Czym &hellip; <a href=\"https:\/\/marcinolszewski.pl\/index.php\/2026\/02\/21\/tori-no-karaage-metoda-na-smazonego-kurczaka\/\" class=\"more-link\">Czytaj dalej <span class=\"screen-reader-text\">Tori no Karaage &#8211; metoda na sma\u017conego kurczaka<\/span><\/a><\/div><\/li>\n<li><a class=\"wp-block-latest-posts__post-title\" href=\"https:\/\/marcinolszewski.pl\/index.php\/2026\/02\/07\/chow-mein-podroze-chinskiego-makaronu\/\">Chow mein &#8211; podr\u00f3\u017ce chi\u0144skiego makaronu<\/a><div class=\"wp-block-latest-posts__post-excerpt\">W kolejnej kulinarnej podr\u00f3\u017cy po Azji. Chow mein \ud83d\ude42 Nazwa &hellip; <a href=\"https:\/\/marcinolszewski.pl\/index.php\/2026\/02\/07\/chow-mein-podroze-chinskiego-makaronu\/\" class=\"more-link\">Czytaj dalej <span class=\"screen-reader-text\">Chow mein &#8211; podr\u00f3\u017ce chi\u0144skiego makaronu<\/span><\/a><\/div><\/li>\n<li><a class=\"wp-block-latest-posts__post-title\" href=\"https:\/\/marcinolszewski.pl\/index.php\/2026\/01\/17\/pad-thai-klasyka-kuchni-tajskiej\/\">Pad Thai &#8211; klasyka kuchni tajskiej<\/a><div class=\"wp-block-latest-posts__post-excerpt\">Po wizytach w tajskich restauracjach, gdzie spo\u017cywa\u0142em Pad Thai, Tom &hellip; <a href=\"https:\/\/marcinolszewski.pl\/index.php\/2026\/01\/17\/pad-thai-klasyka-kuchni-tajskiej\/\" class=\"more-link\">Czytaj dalej <span class=\"screen-reader-text\">Pad Thai &#8211; klasyka kuchni tajskiej<\/span><\/a><\/div><\/li>\n<li><a class=\"wp-block-latest-posts__post-title\" href=\"https:\/\/marcinolszewski.pl\/index.php\/2026\/01\/03\/kuchnia-kaszubska-ziemniaki-zasmazane-do-maslanki\/\">Kuchnia kaszubska. Ziemniaki zasma\u017cane do ma\u015blanki<\/a><div class=\"wp-block-latest-posts__post-excerpt\">Kolejne danie z kuchni moich przodk\u00f3w po mamie mojego taty &hellip; <a href=\"https:\/\/marcinolszewski.pl\/index.php\/2026\/01\/03\/kuchnia-kaszubska-ziemniaki-zasmazane-do-maslanki\/\" class=\"more-link\">Czytaj dalej <span class=\"screen-reader-text\">Kuchnia kaszubska. Ziemniaki zasma\u017cane do ma\u015blanki<\/span><\/a><\/div><\/li>\n<li><a class=\"wp-block-latest-posts__post-title\" href=\"https:\/\/marcinolszewski.pl\/index.php\/2025\/12\/27\/sniadanie-po-kaszubsku-proznica-na-bretlingach\/\">\u015aniadanie po kaszubsku. Pr\u00f4\u017cnica na br\u00ebtlingach<\/a><div class=\"wp-block-latest-posts__post-excerpt\">W listopadzie, w dniu moich patron\u00f3w Marcina, Bart\u0142omieja, szala\u0142em z &hellip; <a href=\"https:\/\/marcinolszewski.pl\/index.php\/2025\/12\/27\/sniadanie-po-kaszubsku-proznica-na-bretlingach\/\" class=\"more-link\">Czytaj dalej <span class=\"screen-reader-text\">\u015aniadanie po kaszubsku. Pr\u00f4\u017cnica na br\u00ebtlingach<\/span><\/a><\/div><\/li>\n<li><a class=\"wp-block-latest-posts__post-title\" href=\"https:\/\/marcinolszewski.pl\/index.php\/2025\/11\/30\/slepe-ryby-czyli-zupa-z-wielkopolski\/\">\u015alepe ryby, czyli zupa z Wielkopolski<\/a><div class=\"wp-block-latest-posts__post-excerpt\">Przy okazji niedawnych imienin, Marcina, Bart\u0142omieja, pami\u0119ci o przodkach z &hellip; <a href=\"https:\/\/marcinolszewski.pl\/index.php\/2025\/11\/30\/slepe-ryby-czyli-zupa-z-wielkopolski\/\" class=\"more-link\">Czytaj dalej <span class=\"screen-reader-text\">\u015alepe ryby, czyli zupa z Wielkopolski<\/span><\/a><\/div><\/li>\n<li><a class=\"wp-block-latest-posts__post-title\" href=\"https:\/\/marcinolszewski.pl\/index.php\/2025\/11\/23\/pyry-z-gzikiem-klasyka-smakow-wielkopolski\/\">Pyry z gzikiem &#8211; klasyka smak\u00f3w Wielkopolski<\/a><div class=\"wp-block-latest-posts__post-excerpt\">Kuchni\u0105 wielkopolsk\u0105 interesuj\u0119 si\u0119 z racji lokalizacji urodzin i \u017cycia &hellip; <a href=\"https:\/\/marcinolszewski.pl\/index.php\/2025\/11\/23\/pyry-z-gzikiem-klasyka-smakow-wielkopolski\/\" class=\"more-link\">Czytaj dalej <span class=\"screen-reader-text\">Pyry z gzikiem &#8211; klasyka smak\u00f3w Wielkopolski<\/span><\/a><\/div><\/li>\n<\/ul>","protected":false},"excerpt":{"rendered":"<p>Nazywam si\u0119 Marcin Olszewski Witam serdecznie na mojej stronie internetowej. Zapraszam do zapoznania si\u0119 z moimi pasjami w sferze prywatnej (poezja, muzyka, fotografia, kulinaria, genealogia), jak i zawodowej (zarz\u0105dzanie nieruchomo\u015bciami). Mam nadziej\u0119, i\u017c odwiedziny mojej strony sprawi\u0105 wam wielk\u0105 przyjemno\u015b\u0107. Serdecznie pozdrawiam. KUCHNIA NIERUCHOMO\u015aCI SZTUKA GENEALOGIA Najnowsze tre\u015bci<\/p>\n","protected":false},"author":1,"featured_media":0,"parent":0,"menu_order":0,"comment_status":"closed","ping_status":"closed","template":"","meta":{"spay_email":"","footnotes":""},"_links":{"self":[{"href":"https:\/\/marcinolszewski.pl\/index.php\/wp-json\/wp\/v2\/pages\/31"}],"collection":[{"href":"https:\/\/marcinolszewski.pl\/index.php\/wp-json\/wp\/v2\/pages"}],"about":[{"href":"https:\/\/marcinolszewski.pl\/index.php\/wp-json\/wp\/v2\/types\/page"}],"author":[{"embeddable":true,"href":"https:\/\/marcinolszewski.pl\/index.php\/wp-json\/wp\/v2\/users\/1"}],"replies":[{"embeddable":true,"href":"https:\/\/marcinolszewski.pl\/index.php\/wp-json\/wp\/v2\/comments?post=31"}],"version-history":[{"count":25,"href":"https:\/\/marcinolszewski.pl\/index.php\/wp-json\/wp\/v2\/pages\/31\/revisions"}],"predecessor-version":[{"id":1343,"href":"https:\/\/marcinolszewski.pl\/index.php\/wp-json\/wp\/v2\/pages\/31\/revisions\/1343"}],"wp:attachment":[{"href":"https:\/\/marcinolszewski.pl\/index.php\/wp-json\/wp\/v2\/media?parent=31"}],"curies":[{"name":"wp","href":"https:\/\/api.w.org\/{rel}","templated":true}]}}